{"id":114,"date":"2022-01-10T11:52:38","date_gmt":"2022-01-10T10:52:38","guid":{"rendered":"http:\/\/test.tech2net.dk\/?page_id=114"},"modified":"2022-03-08T18:21:02","modified_gmt":"2022-03-08T17:21:02","slug":"support","status":"publish","type":"page","link":"https:\/\/tech2net.dk\/?page_id=114","title":{"rendered":"Support"},"content":{"rendered":"\n<figure class=\"wp-block-image size-large\"><img decoding=\"async\" src=\"https:\/\/tech2net.dk\/wp-content\/uploads\/2022\/01\/Timing_Messurement_Setup_low.jpg\" alt=\"\"\/><\/figure>\n\n\n\n<p>I er velkommen til at kontakte Tech2Net for at f\u00e5 l\u00f8st et teknisk problem eller at f\u00e5 lavet et eftersyn p\u00e5 jeres udstyr.<\/p>\n\n\n\n<p><\/p>\n\n\n\n<figure class=\"wp-block-image size-full\"><img loading=\"lazy\" decoding=\"async\" width=\"836\" height=\"537\" src=\"https:\/\/tech2net.dk\/wp-content\/uploads\/2022\/03\/Reg-Compliance.png\" alt=\"\" class=\"wp-image-192\" srcset=\"https:\/\/tech2net.dk\/wp-content\/uploads\/2022\/03\/Reg-Compliance.png 836w, https:\/\/tech2net.dk\/wp-content\/uploads\/2022\/03\/Reg-Compliance-300x193.png 300w, https:\/\/tech2net.dk\/wp-content\/uploads\/2022\/03\/Reg-Compliance-768x493.png 768w\" sizes=\"auto, (max-width: 836px) 100vw, 836px\" \/><\/figure>\n","protected":false},"excerpt":{"rendered":"<p>I er velkommen til at kontakte Tech2Net for at f\u00e5 l\u00f8st et teknisk problem eller at f\u00e5 lavet et eftersyn p\u00e5 jeres udstyr.<\/p>\n","protected":false},"author":1,"featured_media":0,"parent":0,"menu_order":5,"comment_status":"closed","ping_status":"closed","template":"","meta":{"footnotes":""},"class_list":["post-114","page","type-page","status-publish","hentry"],"_links":{"self":[{"href":"https:\/\/tech2net.dk\/index.php?rest_route=\/wp\/v2\/pages\/114","targetHints":{"allow":["GET"]}}],"collection":[{"href":"https:\/\/tech2net.dk\/index.php?rest_route=\/wp\/v2\/pages"}],"about":[{"href":"https:\/\/tech2net.dk\/index.php?rest_route=\/wp\/v2\/types\/page"}],"author":[{"embeddable":true,"href":"https:\/\/tech2net.dk\/index.php?rest_route=\/wp\/v2\/users\/1"}],"replies":[{"embeddable":true,"href":"https:\/\/tech2net.dk\/index.php?rest_route=%2Fwp%2Fv2%2Fcomments&post=114"}],"version-history":[{"count":6,"href":"https:\/\/tech2net.dk\/index.php?rest_route=\/wp\/v2\/pages\/114\/revisions"}],"predecessor-version":[{"id":193,"href":"https:\/\/tech2net.dk\/index.php?rest_route=\/wp\/v2\/pages\/114\/revisions\/193"}],"wp:attachment":[{"href":"https:\/\/tech2net.dk\/index.php?rest_route=%2Fwp%2Fv2%2Fmedia&parent=114"}],"curies":[{"name":"wp","href":"https:\/\/api.w.org\/{rel}","templated":true}]}}