{"id":35,"date":"2022-01-06T18:59:13","date_gmt":"2022-01-06T17:59:13","guid":{"rendered":"http:\/\/test.tech2net.dk\/?page_id=35"},"modified":"2022-03-08T18:20:17","modified_gmt":"2022-03-08T17:20:17","slug":"home","status":"publish","type":"page","link":"https:\/\/tech2net.dk\/","title":{"rendered":"Tech2Net"},"content":{"rendered":"\n<figure class=\"wp-block-image size-large\"><img decoding=\"async\" src=\"https:\/\/tech2net.dk\/wp-content\/uploads\/2022\/01\/Image1_MediaProcessing-1024x594.png\" alt=\"\"\/><\/figure>\n\n\n\n<h2 class=\"wp-block-heading\" id=\"hvad-forventer-du-af-en-samarbejdspartner\">Hvad forventer du af en samarbejdspartner ?<\/h2>\n\n\n\n<ul class=\"wp-block-list\"><li>kvalitetsprodukter<\/li><li>viden<\/li><li>r\u00e5dgivning<\/li><li>forst\u00e5else<\/li><\/ul>\n\n\n\n<p>Tech2Net er en samarbejdspartner, der s\u00e6lger anerkendte kvalitetsprodukter.<\/p>\n\n\n\n<p>Vi har v\u00e6ret i mediebranchen i mange \u00e5r.<\/p>\n\n\n\n<p>Vi vil med gl\u00e6de r\u00e5dgive dig. Vi tager udgangspunkt i jer og jeres behov.<\/p>\n\n\n\n<p>Kontakt os p\u00e5 70 25 02 11, og vi vil gerne h\u00f8re om netop jeres problemstilling og fors\u00f8ge<br>at finde en tilfredsstillende l\u00f8sning.<\/p>\n\n\n\n<p><\/p>\n\n\n\n<figure class=\"wp-block-image size-large\"><img loading=\"lazy\" decoding=\"async\" width=\"1024\" height=\"707\" src=\"https:\/\/tech2net.dk\/wp-content\/uploads\/2022\/03\/BiggerPicture-1024x707.png\" alt=\"\" class=\"wp-image-189\" srcset=\"https:\/\/tech2net.dk\/wp-content\/uploads\/2022\/03\/BiggerPicture-1024x707.png 1024w, https:\/\/tech2net.dk\/wp-content\/uploads\/2022\/03\/BiggerPicture-300x207.png 300w, https:\/\/tech2net.dk\/wp-content\/uploads\/2022\/03\/BiggerPicture-768x531.png 768w, https:\/\/tech2net.dk\/wp-content\/uploads\/2022\/03\/BiggerPicture.png 1200w\" sizes=\"auto, (max-width: 1024px) 100vw, 1024px\" \/><\/figure>\n","protected":false},"excerpt":{"rendered":"<p>Hvad forventer du af en samarbejdspartner ? kvalitetsprodukter viden r\u00e5dgivning forst\u00e5else Tech2Net er en samarbejdspartner, der s\u00e6lger anerkendte kvalitetsprodukter. Vi har v\u00e6ret i mediebranchen i mange \u00e5r. Vi vil med gl\u00e6de r\u00e5dgive dig. Vi tager udgangspunkt i jer og jeres behov. Kontakt os p\u00e5 70 25 02 11, og vi vil gerne h\u00f8re om netop<\/p>\n<div class=\"theme-link-more\"><a href=\"https:\/\/tech2net.dk\/\" class=\"theme-more-link\">Continue reading<span class=\"screen-reader-text\"> &#8220;Tech2Net&#8221;<\/span> <svg class=\"svg-icon\" aria-hidden=\"true\" role=\"img\" focusable=\"false\" xmlns=\"http:\/\/www.w3.org\/2000\/svg\" width=\"20\" height=\"20\" viewBox=\"0 0 20 20\"><path fill=\"currentColor\" d=\"M16.172 9l-6.071-6.071 1.414-1.414 8.485 8.485-8.485 8.485-1.414-1.414 6.071-6.071h-16.172v-2z\" \/><\/svg><\/a><\/div>\n","protected":false},"author":1,"featured_media":0,"parent":0,"menu_order":1,"comment_status":"closed","ping_status":"closed","template":"","meta":{"footnotes":""},"class_list":["post-35","page","type-page","status-publish","hentry"],"_links":{"self":[{"href":"https:\/\/tech2net.dk\/index.php?rest_route=\/wp\/v2\/pages\/35","targetHints":{"allow":["GET"]}}],"collection":[{"href":"https:\/\/tech2net.dk\/index.php?rest_route=\/wp\/v2\/pages"}],"about":[{"href":"https:\/\/tech2net.dk\/index.php?rest_route=\/wp\/v2\/types\/page"}],"author":[{"embeddable":true,"href":"https:\/\/tech2net.dk\/index.php?rest_route=\/wp\/v2\/users\/1"}],"replies":[{"embeddable":true,"href":"https:\/\/tech2net.dk\/index.php?rest_route=%2Fwp%2Fv2%2Fcomments&post=35"}],"version-history":[{"count":8,"href":"https:\/\/tech2net.dk\/index.php?rest_route=\/wp\/v2\/pages\/35\/revisions"}],"predecessor-version":[{"id":191,"href":"https:\/\/tech2net.dk\/index.php?rest_route=\/wp\/v2\/pages\/35\/revisions\/191"}],"wp:attachment":[{"href":"https:\/\/tech2net.dk\/index.php?rest_route=%2Fwp%2Fv2%2Fmedia&parent=35"}],"curies":[{"name":"wp","href":"https:\/\/api.w.org\/{rel}","templated":true}]}}